{"id":47280,"date":"2026-04-17T22:20:45","date_gmt":"2026-04-17T19:20:45","guid":{"rendered":"https:\/\/studyodans.com\/?post_type=product&#038;p=47280"},"modified":"2026-04-17T22:33:32","modified_gmt":"2026-04-17T19:33:32","slug":"cagdas-modern-dans-deneyimi-olanlar","status":"publish","type":"product","link":"https:\/\/studyodans.com\/en\/sinif\/cagdas-modern-dans-deneyimi-olanlar\/","title":{"rendered":"\u00c7a\u011fda\u015f &#8211; Modern Dans | Deneyimi Olanlar"},"content":{"rendered":"<p style=\"text-align: center;\"><strong>* Yaz d\u00f6nemine girdi\u011fimiz i\u00e7in eyl\u00fcl ay\u0131na kadar yaln\u0131zca ayl\u0131k e\u011fitim programlar\u0131 a\u00e7\u0131lacakt\u0131r.*<\/strong><\/p>\n<p>&nbsp;<\/p>\n<p style=\"text-align: center;\"><strong>Programa tek g\u00fcnl\u00fck kat\u0131l\u0131m bulunmamaktad\u0131r.<\/strong><strong>T\u00fcm derslere kat\u0131lman\u0131z beklenmektedir. Kat\u0131lamad\u0131\u011f\u0131n\u0131z dersin telafisi yap\u0131lmaz, ders uygulanm\u0131\u015f kabul edilir.<\/strong><\/p>\n<p>&nbsp;<\/p>\n<p style=\"text-align: center;\"><strong>Fiyatlar\u0131m\u0131za KDV dahildir. \u00d6demelerinizi havale\/eft \u015feklinde ya da kredi kart\u0131 ile yapabilirsiniz.<\/strong><\/p>\n<p>&nbsp;<\/p>\n<p style=\"text-align: center;\"><strong>Ko\u015fullar\u0131m\u0131z sizin i\u00e7in uygunsa kesin kay\u0131t formunu doldurabilirsiniz. Formunuz bize ula\u015ft\u0131\u011f\u0131nda telefon \u00fczerinden kesin kay\u0131t g\u00f6r\u00fc\u015fmenizi ger\u00e7ekle\u015ftirip \u00f6deme i\u00e7in bilgilerimizi sizinle payla\u015f\u0131yor olaca\u011f\u0131z.<\/strong><\/p>","protected":false},"excerpt":{"rendered":"<p><strong>May\u0131s Ay\u0131<br \/>\nAyl\u0131k At\u00f6lye<\/strong><\/p>\n<p><strong>\u00c7a\u011fda\u015f I Modern Dans<br \/>\n\u00d6nceden Deneyimi Olanlar<\/strong><\/p>\n<hr \/>\n<p><strong>Program G\u00fcn ve Saati:<br \/>\n<\/strong>Her Cuma, 19.30<\/p>\n<p><strong>Program S\u00fcresi:<br \/>\n<\/strong>3 Hafta \/ Haftada 1 G\u00fcn \/ Toplam 3 Ders<\/p>\n<p><strong>Bir Ders S\u00fcresi:<br \/>\n<\/strong>90 dakika<\/p>\n<p><strong>Program Kontenjan\u0131:<br \/>\n<\/strong>7 ki\u015fi<\/p>\n<p><strong>Program Tarih ve Saatleri:<br \/>\n<\/strong>08 May\u0131s Cuma, 19.30<br \/>\n15 May\u0131s Cuma, 19.30<br \/>\n22 May\u0131s Cuma, 19.30<\/p>\n<p><strong>Program E\u011fitmenleri:<br \/>\n<\/strong><span style=\"font-family: var(--theme-font-p_font-family); font-style: var(--theme-font-p_font-style); letter-spacing: var(--theme-font-p_letter-spacing); text-transform: var(--theme-font-p_text-transform);\">Ezgi \u00c7anakl\u0131 \u015eahin &amp; Bilge Atasayar<\/span><\/p>\n<p><strong>Program\u0131n Toplam \u00dccreti:<br \/>\n<\/strong>4.200tl<\/p>\n<p><strong>*Bu s\u0131n\u0131fa kat\u0131lman\u0131z i\u00e7in yak\u0131n zamanda aktif olarak en az 4 ay \u00e7a\u011fda\u015fImodern dans teknik e\u011fitim alm\u0131\u015f olman\u0131z gerekmektedir.<\/strong><\/p>","protected":false},"featured_media":46980,"template":"","meta":[],"product_brand":[],"product_cat":[297,275],"product_tag":[],"class_list":{"0":"post-47280","1":"product","2":"type-product","3":"status-publish","4":"has-post-thumbnail","6":"product_cat-acilacak-siniflar","7":"product_cat-yetiskin","9":"first","10":"outofstock","11":"featured","12":"taxable","13":"shipping-taxable","14":"product-type-simple"},"_links":{"self":[{"href":"https:\/\/studyodans.com\/en\/wp-json\/wp\/v2\/product\/47280","targetHints":{"allow":["GET"]}}],"collection":[{"href":"https:\/\/studyodans.com\/en\/wp-json\/wp\/v2\/product"}],"about":[{"href":"https:\/\/studyodans.com\/en\/wp-json\/wp\/v2\/types\/product"}],"wp:featuredmedia":[{"embeddable":true,"href":"https:\/\/studyodans.com\/en\/wp-json\/wp\/v2\/media\/46980"}],"wp:attachment":[{"href":"https:\/\/studyodans.com\/en\/wp-json\/wp\/v2\/media?parent=47280"}],"wp:term":[{"taxonomy":"product_brand","embeddable":true,"href":"https:\/\/studyodans.com\/en\/wp-json\/wp\/v2\/product_brand?post=47280"},{"taxonomy":"product_cat","embeddable":true,"href":"https:\/\/studyodans.com\/en\/wp-json\/wp\/v2\/product_cat?post=47280"},{"taxonomy":"product_tag","embeddable":true,"href":"https:\/\/studyodans.com\/en\/wp-json\/wp\/v2\/product_tag?post=47280"}],"curies":[{"name":"wp","href":"https:\/\/api.w.org\/{rel}","templated":true}]}}