{"id":47251,"date":"2026-03-26T04:41:20","date_gmt":"2026-03-26T01:41:20","guid":{"rendered":"https:\/\/studyodans.com\/?post_type=product&#038;p=47251"},"modified":"2026-03-26T04:43:11","modified_gmt":"2026-03-26T01:43:11","slug":"cagdas-modern-dans-orta-seviye-ece-gul","status":"publish","type":"product","link":"https:\/\/studyodans.com\/en\/sinif\/cagdas-modern-dans-orta-seviye-ece-gul\/","title":{"rendered":"\u00c7a\u011fda\u015f | Modern Dans &#8211; Orta Seviye [Ece G\u00fcl]"},"content":{"rendered":"<p><b>Kontenjan 6 ki\u015fi ile s\u0131n\u0131rl\u0131d\u0131r.<\/b><\/p>","protected":false},"excerpt":{"rendered":"<p class=\"elementor-cta__title elementor-cta__content-item elementor-content-item\"><strong>Tek G\u00fcnl\u00fck<\/strong><br \/>\nAt\u00f6lye<\/p>\n<p><strong>\u00c7a\u011fda\u015f | Modern Dans<\/strong><br \/>\n<i><u>Orta Seviye<\/u><\/i><\/p>\n<p><strong>At\u00f6lye G\u00fcn ve Saati:<\/strong><br \/>\nHer Cumartesi, 13:00<\/p>\n<p><strong>At\u00f6lye S\u00fcresi:<\/strong><br \/>\n90 dakika<\/p>\n<p><strong>At\u00f6lye G\u00fcn ve Saati:<\/strong><br \/>\n14 Mart Cumartesi, 13:00<\/p>\n<p><strong>At\u00f6lye E\u011fitmeni:<\/strong><br \/>\nEce G\u00fcl<\/p>","protected":false},"featured_media":46836,"template":"","meta":[],"product_brand":[],"product_cat":[297,275],"product_tag":[],"class_list":{"0":"post-47251","1":"product","2":"type-product","3":"status-publish","4":"has-post-thumbnail","6":"product_cat-acilacak-siniflar","7":"product_cat-yetiskin","9":"first","10":"outofstock","11":"featured","12":"shipping-taxable","13":"product-type-simple"},"_links":{"self":[{"href":"https:\/\/studyodans.com\/en\/wp-json\/wp\/v2\/product\/47251","targetHints":{"allow":["GET"]}}],"collection":[{"href":"https:\/\/studyodans.com\/en\/wp-json\/wp\/v2\/product"}],"about":[{"href":"https:\/\/studyodans.com\/en\/wp-json\/wp\/v2\/types\/product"}],"wp:featuredmedia":[{"embeddable":true,"href":"https:\/\/studyodans.com\/en\/wp-json\/wp\/v2\/media\/46836"}],"wp:attachment":[{"href":"https:\/\/studyodans.com\/en\/wp-json\/wp\/v2\/media?parent=47251"}],"wp:term":[{"taxonomy":"product_brand","embeddable":true,"href":"https:\/\/studyodans.com\/en\/wp-json\/wp\/v2\/product_brand?post=47251"},{"taxonomy":"product_cat","embeddable":true,"href":"https:\/\/studyodans.com\/en\/wp-json\/wp\/v2\/product_cat?post=47251"},{"taxonomy":"product_tag","embeddable":true,"href":"https:\/\/studyodans.com\/en\/wp-json\/wp\/v2\/product_tag?post=47251"}],"curies":[{"name":"wp","href":"https:\/\/api.w.org\/{rel}","templated":true}]}}