{"id":47248,"date":"2026-03-26T04:32:39","date_gmt":"2026-03-26T01:32:39","guid":{"rendered":"https:\/\/studyodans.com\/?post_type=product&#038;p=47248"},"modified":"2026-03-26T04:37:57","modified_gmt":"2026-03-26T01:37:57","slug":"kuvvetlendirme-ve-esnetme-pratikleri","status":"publish","type":"product","link":"https:\/\/studyodans.com\/en\/sinif\/kuvvetlendirme-ve-esnetme-pratikleri\/","title":{"rendered":"Kuvvetlendirme ve Esnetme Pratikleri"},"content":{"rendered":"<p><b>Kontenjan 6 ki\u015fi ile s\u0131n\u0131rl\u0131d\u0131r.<\/b><\/p>","protected":false},"excerpt":{"rendered":"<p class=\"elementor-cta__title elementor-cta__content-item elementor-content-item\"><strong>Mart Ay\u0131<\/strong><br \/>\nAyl\u0131k At\u00f6lye<\/p>\n<p><strong>Kuvvetlendirme ve Esnetme Pratikleri<\/strong><\/p>\n<p><u><strong>Her seviye<\/strong><\/u><\/p>\n<p><strong>At\u00f6lye G\u00fcn ve Saati:<\/strong> Her Pazar, 17.30<br \/>\n<strong>At\u00f6lye S\u00fcresi:<\/strong> 1 Ay \/ Haftada 1 G\u00fcn \/ 4 Ders<br \/>\n<strong>Bir Ders S\u00fcresi:<\/strong> 75 dakika<br \/>\n<strong>Ders Tarih ve Saatleri:<br \/>\n<\/strong>01 Mart Pazar, 17.30<br \/>\n08 Mart Pazar, 17.30<br \/>\n15 Mart Pazar, 17.30<br \/>\n29 Mart Pazar, 17.30<\/p>\n<p><strong>At\u00f6lye E\u011fitmeni:<\/strong><br \/>\nBilge Atasayar<\/p>","protected":false},"featured_media":46948,"template":"","meta":[],"product_brand":[],"product_cat":[297,275],"product_tag":[],"class_list":{"0":"post-47248","1":"product","2":"type-product","3":"status-publish","4":"has-post-thumbnail","6":"product_cat-acilacak-siniflar","7":"product_cat-yetiskin","9":"first","10":"outofstock","11":"featured","12":"shipping-taxable","13":"product-type-simple"},"_links":{"self":[{"href":"https:\/\/studyodans.com\/en\/wp-json\/wp\/v2\/product\/47248","targetHints":{"allow":["GET"]}}],"collection":[{"href":"https:\/\/studyodans.com\/en\/wp-json\/wp\/v2\/product"}],"about":[{"href":"https:\/\/studyodans.com\/en\/wp-json\/wp\/v2\/types\/product"}],"wp:featuredmedia":[{"embeddable":true,"href":"https:\/\/studyodans.com\/en\/wp-json\/wp\/v2\/media\/46948"}],"wp:attachment":[{"href":"https:\/\/studyodans.com\/en\/wp-json\/wp\/v2\/media?parent=47248"}],"wp:term":[{"taxonomy":"product_brand","embeddable":true,"href":"https:\/\/studyodans.com\/en\/wp-json\/wp\/v2\/product_brand?post=47248"},{"taxonomy":"product_cat","embeddable":true,"href":"https:\/\/studyodans.com\/en\/wp-json\/wp\/v2\/product_cat?post=47248"},{"taxonomy":"product_tag","embeddable":true,"href":"https:\/\/studyodans.com\/en\/wp-json\/wp\/v2\/product_tag?post=47248"}],"curies":[{"name":"wp","href":"https:\/\/api.w.org\/{rel}","templated":true}]}}