{"id":47182,"date":"2026-03-23T22:49:06","date_gmt":"2026-03-23T19:49:06","guid":{"rendered":"https:\/\/studyodans.com\/?post_type=product&#038;p=47182"},"modified":"2026-03-26T04:29:09","modified_gmt":"2026-03-26T01:29:09","slug":"yetiskinler-icin-bale","status":"publish","type":"product","link":"https:\/\/studyodans.com\/en\/sinif\/yetiskinler-icin-bale\/","title":{"rendered":"Yeti\u015fkinler \u0130\u00e7in Bale | 3 Ayl\u0131k Hobi S\u0131n\u0131f\u0131"},"content":{"rendered":"<p><strong>Kontenjan 8 ki\u015fi ile s\u0131n\u0131rl\u0131d\u0131r. S\u0131n\u0131f seviyesi g\u00f6r\u00fc\u015fmelerde belirlenecektir.<\/strong><\/p>","protected":false},"excerpt":{"rendered":"<p>Mart &#8211; Nisan &#8211; May\u0131s g\u00fcnd\u00fcz s\u0131n\u0131f\u0131<\/p>\n<p><strong>Program G\u00fcn ve Saati:<\/strong> Her Cumartesi 11.00<br \/>\n<strong>Program S\u00fcresi:<\/strong> 3 Ay \/ Haftada 1 G\u00fcn \/ 12 Ders<br \/>\n<strong>Bir Ders S\u00fcresi:<\/strong> 90 dakika<br \/>\n<strong>Program Ba\u015flang\u0131\u00e7 Tarihi:<\/strong> 07 Mart Cumartesi, 11.00<br \/>\n<strong>Program Biti\u015f Tarihi:<\/strong> 23 May\u0131s Cumartesi, 11.00<br \/>\n<strong>Program E\u011fitmenleri:<\/strong> Ezgi \u00c7anakl\u0131 \u015eahin &amp; Ece G\u00fcl<\/p>","protected":false},"featured_media":46841,"template":"","meta":[],"product_brand":[],"product_cat":[297,275],"product_tag":[],"class_list":{"0":"post-47182","1":"product","2":"type-product","3":"status-publish","4":"has-post-thumbnail","6":"product_cat-acilacak-siniflar","7":"product_cat-yetiskin","9":"first","10":"outofstock","11":"featured","12":"shipping-taxable","13":"product-type-simple"},"_links":{"self":[{"href":"https:\/\/studyodans.com\/en\/wp-json\/wp\/v2\/product\/47182","targetHints":{"allow":["GET"]}}],"collection":[{"href":"https:\/\/studyodans.com\/en\/wp-json\/wp\/v2\/product"}],"about":[{"href":"https:\/\/studyodans.com\/en\/wp-json\/wp\/v2\/types\/product"}],"wp:featuredmedia":[{"embeddable":true,"href":"https:\/\/studyodans.com\/en\/wp-json\/wp\/v2\/media\/46841"}],"wp:attachment":[{"href":"https:\/\/studyodans.com\/en\/wp-json\/wp\/v2\/media?parent=47182"}],"wp:term":[{"taxonomy":"product_brand","embeddable":true,"href":"https:\/\/studyodans.com\/en\/wp-json\/wp\/v2\/product_brand?post=47182"},{"taxonomy":"product_cat","embeddable":true,"href":"https:\/\/studyodans.com\/en\/wp-json\/wp\/v2\/product_cat?post=47182"},{"taxonomy":"product_tag","embeddable":true,"href":"https:\/\/studyodans.com\/en\/wp-json\/wp\/v2\/product_tag?post=47182"}],"curies":[{"name":"wp","href":"https:\/\/api.w.org\/{rel}","templated":true}]}}