{"id":46720,"date":"2026-03-14T21:45:06","date_gmt":"2026-03-14T18:45:06","guid":{"rendered":"https:\/\/studyodans.com\/sinif\/yetiskinler-icin-bale-digital-egitim-programi\/"},"modified":"2026-04-08T07:46:37","modified_gmt":"2026-04-08T04:46:37","slug":"yetiskinler-icin-bale-digital-egitim-programi","status":"publish","type":"product","link":"https:\/\/studyodans.com\/en\/sinif\/yetiskinler-icin-bale-digital-egitim-programi\/","title":{"rendered":"Yeti\u015fkinler \u0130\u00e7in Bale Dijital E\u011fitim Program\u0131"},"content":{"rendered":"","protected":false},"excerpt":{"rendered":"","protected":false},"featured_media":46924,"template":"","meta":[],"product_brand":[],"product_cat":[275],"product_tag":[],"class_list":{"0":"post-46720","1":"product","2":"type-product","3":"status-publish","4":"has-post-thumbnail","6":"product_cat-yetiskin","8":"first","9":"instock","10":"virtual","11":"sold-individually","12":"taxable","13":"purchasable","14":"product-type-simple"},"_links":{"self":[{"href":"https:\/\/studyodans.com\/en\/wp-json\/wp\/v2\/product\/46720","targetHints":{"allow":["GET"]}}],"collection":[{"href":"https:\/\/studyodans.com\/en\/wp-json\/wp\/v2\/product"}],"about":[{"href":"https:\/\/studyodans.com\/en\/wp-json\/wp\/v2\/types\/product"}],"wp:featuredmedia":[{"embeddable":true,"href":"https:\/\/studyodans.com\/en\/wp-json\/wp\/v2\/media\/46924"}],"wp:attachment":[{"href":"https:\/\/studyodans.com\/en\/wp-json\/wp\/v2\/media?parent=46720"}],"wp:term":[{"taxonomy":"product_brand","embeddable":true,"href":"https:\/\/studyodans.com\/en\/wp-json\/wp\/v2\/product_brand?post=46720"},{"taxonomy":"product_cat","embeddable":true,"href":"https:\/\/studyodans.com\/en\/wp-json\/wp\/v2\/product_cat?post=46720"},{"taxonomy":"product_tag","embeddable":true,"href":"https:\/\/studyodans.com\/en\/wp-json\/wp\/v2\/product_tag?post=46720"}],"curies":[{"name":"wp","href":"https:\/\/api.w.org\/{rel}","templated":true}]}}