{"id":47166,"date":"2026-03-23T22:27:28","date_gmt":"2026-03-23T19:27:28","guid":{"rendered":"https:\/\/studyodans.com\/?page_id=47166"},"modified":"2026-03-23T22:35:11","modified_gmt":"2026-03-23T19:35:11","slug":"hakkimizda","status":"publish","type":"page","link":"https:\/\/studyodans.com\/en\/hakkimizda\/","title":{"rendered":"Hakk\u0131m\u0131zda"},"content":{"rendered":"<div data-elementor-type=\"wp-page\" data-elementor-id=\"47166\" class=\"elementor elementor-47166\">\n\t\t\t\t\t\t<section class=\"elementor-section elementor-top-section elementor-element elementor-element-170a668 elementor-section-boxed elementor-section-height-default elementor-section-height-default sc_fly_static\" data-id=\"170a668\" data-element_type=\"section\" data-e-type=\"section\">\n\t\t\t\t\t\t<div class=\"elementor-container elementor-column-gap-extended\">\n\t\t\t\t\t<div class=\"elementor-column elementor-col-100 elementor-top-column elementor-element elementor-element-4456366 sc_content_align_inherit sc_layouts_column_icons_position_left sc_fly_static\" data-id=\"4456366\" data-element_type=\"column\" data-e-type=\"column\">\n\t\t\t<div class=\"elementor-widget-wrap elementor-element-populated\">\n\t\t\t\t\t\t<div class=\"elementor-element elementor-element-4b6a94c sc_height_huge sc_fly_static elementor-widget elementor-widget-spacer\" data-id=\"4b6a94c\" data-element_type=\"widget\" data-e-type=\"widget\" data-widget_type=\"spacer.default\">\n\t\t\t\t<div class=\"elementor-widget-container\">\n\t\t\t\t\t\t\t<div class=\"elementor-spacer\">\n\t\t\t<div class=\"elementor-spacer-inner\"><\/div>\n\t\t<\/div>\n\t\t\t\t\t\t<\/div>\n\t\t\t\t<\/div>\n\t\t\t\t\t<\/div>\n\t\t<\/div>\n\t\t\t\t\t<\/div>\n\t\t<\/section>\n\t\t\t\t<section class=\"elementor-section elementor-top-section elementor-element elementor-element-44eea1b elementor-section-boxed elementor-section-height-default elementor-section-height-default sc_fly_static\" data-id=\"44eea1b\" data-element_type=\"section\" data-e-type=\"section\">\n\t\t\t\t\t\t<div class=\"elementor-container elementor-column-gap-extended\">\n\t\t\t\t\t<div class=\"elementor-column elementor-col-50 elementor-top-column elementor-element elementor-element-021dd01 sc_content_align_inherit sc_layouts_column_icons_position_left sc_fly_static\" data-id=\"021dd01\" data-element_type=\"column\" data-e-type=\"column\">\n\t\t\t<div class=\"elementor-widget-wrap elementor-element-populated\">\n\t\t\t\t\t\t<div class=\"elementor-element elementor-element-6b1871a sc_fly_static elementor-widget elementor-widget-trx_sc_action\" data-id=\"6b1871a\" data-element_type=\"widget\" data-e-type=\"widget\" data-widget_type=\"trx_sc_action.default\">\n\t\t\t\t<div class=\"elementor-widget-container\">\n\t\t\t\t\t<div  \n\tclass=\"sc_action sc_action_default\" ><div class=\"sc_action_content sc_item_content\" ><div class=\"sc_action_item sc_action_item_default with_image with_bg_color sc_action_item_mc\"  style=\"background-color:#7E5656;\">\n\t\t\t<div class=\"sc_action_item_inner\"><div class=\"sc_action_item_icon sc_action_item_icon_type_ icon-book-open\"\n\t\t\t\t\t\t\t\t\t\t\t\t><span class=\"sc_icon_type_ icon-book-open\"\n\t\t\t\t\t\t\t\t\t\t\t\t\t\t\t><\/span><\/div><h3 class=\"sc_action_item_title\"><span>Hikayemiz<\/span><\/h3><a href=\"https:\/\/studyodans.com\/en\/hikayemiz\/\" class=\"sc_action_item_link sc_button sc_button_size_small\">\u0130ncele<\/a><\/div><\/div><\/div><\/div>\t\t\t\t<\/div>\n\t\t\t\t<\/div>\n\t\t\t\t\t<\/div>\n\t\t<\/div>\n\t\t\t\t<div class=\"elementor-column elementor-col-50 elementor-top-column elementor-element elementor-element-9c380e6 sc_content_align_inherit sc_layouts_column_icons_position_left sc_fly_static\" data-id=\"9c380e6\" data-element_type=\"column\" data-e-type=\"column\">\n\t\t\t<div class=\"elementor-widget-wrap elementor-element-populated\">\n\t\t\t\t\t\t<div class=\"elementor-element elementor-element-a653bee sc_fly_static elementor-widget elementor-widget-trx_sc_action\" data-id=\"a653bee\" data-element_type=\"widget\" data-e-type=\"widget\" data-widget_type=\"trx_sc_action.default\">\n\t\t\t\t<div class=\"elementor-widget-container\">\n\t\t\t\t\t<div  \n\tclass=\"sc_action sc_action_default\" ><div class=\"sc_action_content sc_item_content\" ><div class=\"sc_action_item sc_action_item_default with_image with_bg_color sc_action_item_mc\"  style=\"background-color:#7E5656;\">\n\t\t\t<div class=\"sc_action_item_inner\"><div class=\"sc_action_item_icon sc_action_item_icon_type_ icon-users\"\n\t\t\t\t\t\t\t\t\t\t\t\t><span class=\"sc_icon_type_ icon-users\"\n\t\t\t\t\t\t\t\t\t\t\t\t\t\t\t><\/span><\/div><h3 class=\"sc_action_item_title\"><span>E\u011fitmen Kadromuz<\/span><\/h3><a href=\"https:\/\/studyodans.com\/en\/egitmenkadromuz\/\" class=\"sc_action_item_link sc_button sc_button_size_small\">\u0130ncele<\/a><\/div><\/div><\/div><\/div>\t\t\t\t<\/div>\n\t\t\t\t<\/div>\n\t\t\t\t\t<\/div>\n\t\t<\/div>\n\t\t\t\t\t<\/div>\n\t\t<\/section>\n\t\t\t\t<section class=\"elementor-section elementor-top-section elementor-element elementor-element-9e12979 elementor-section-boxed elementor-section-height-default elementor-section-height-default sc_fly_static\" data-id=\"9e12979\" data-element_type=\"section\" data-e-type=\"section\">\n\t\t\t\t\t\t<div class=\"elementor-container elementor-column-gap-extended\">\n\t\t\t\t\t<div class=\"elementor-column elementor-col-100 elementor-top-column elementor-element elementor-element-cfc55cf sc_content_align_inherit sc_layouts_column_icons_position_left sc_fly_static\" data-id=\"cfc55cf\" data-element_type=\"column\" data-e-type=\"column\">\n\t\t\t<div class=\"elementor-widget-wrap elementor-element-populated\">\n\t\t\t\t\t\t<div class=\"elementor-element elementor-element-ac5f342 sc_height_huge sc_fly_static elementor-widget elementor-widget-spacer\" data-id=\"ac5f342\" data-element_type=\"widget\" data-e-type=\"widget\" data-widget_type=\"spacer.default\">\n\t\t\t\t<div class=\"elementor-widget-container\">\n\t\t\t\t\t\t\t<div class=\"elementor-spacer\">\n\t\t\t<div class=\"elementor-spacer-inner\"><\/div>\n\t\t<\/div>\n\t\t\t\t\t\t<\/div>\n\t\t\t\t<\/div>\n\t\t\t\t\t<\/div>\n\t\t<\/div>\n\t\t\t\t\t<\/div>\n\t\t<\/section>\n\t\t\t\t<\/div>","protected":false},"excerpt":{"rendered":"<p>Hikayemiz \u0130ncele E\u011fitmen Kadromuz \u0130ncele<\/p>","protected":false},"author":489,"featured_media":47074,"parent":0,"menu_order":0,"comment_status":"closed","ping_status":"closed","template":"","meta":{"footnotes":""},"class_list":["post-47166","page","type-page","status-publish","has-post-thumbnail","hentry"],"_links":{"self":[{"href":"https:\/\/studyodans.com\/en\/wp-json\/wp\/v2\/pages\/47166","targetHints":{"allow":["GET"]}}],"collection":[{"href":"https:\/\/studyodans.com\/en\/wp-json\/wp\/v2\/pages"}],"about":[{"href":"https:\/\/studyodans.com\/en\/wp-json\/wp\/v2\/types\/page"}],"author":[{"embeddable":true,"href":"https:\/\/studyodans.com\/en\/wp-json\/wp\/v2\/users\/489"}],"replies":[{"embeddable":true,"href":"https:\/\/studyodans.com\/en\/wp-json\/wp\/v2\/comments?post=47166"}],"version-history":[{"count":10,"href":"https:\/\/studyodans.com\/en\/wp-json\/wp\/v2\/pages\/47166\/revisions"}],"predecessor-version":[{"id":47177,"href":"https:\/\/studyodans.com\/en\/wp-json\/wp\/v2\/pages\/47166\/revisions\/47177"}],"wp:featuredmedia":[{"embeddable":true,"href":"https:\/\/studyodans.com\/en\/wp-json\/wp\/v2\/media\/47074"}],"wp:attachment":[{"href":"https:\/\/studyodans.com\/en\/wp-json\/wp\/v2\/media?parent=47166"}],"curies":[{"name":"wp","href":"https:\/\/api.w.org\/{rel}","templated":true}]}}